{"id":968,"date":"2025-02-17T13:40:30","date_gmt":"2025-02-17T13:40:30","guid":{"rendered":"https:\/\/dlba-avocats.com\/home\/"},"modified":"2025-12-12T13:54:10","modified_gmt":"2025-12-12T13:54:10","slug":"home","status":"publish","type":"page","link":"https:\/\/dlba-avocats.com\/en\/","title":{"rendered":"Home"},"content":{"rendered":"","protected":false},"excerpt":{"rendered":"","protected":false},"author":1,"featured_media":0,"parent":0,"menu_order":0,"comment_status":"closed","ping_status":"closed","template":"pages\/home.php","meta":{"_acf_changed":false,"footnotes":""},"class_list":["post-968","page","type-page","status-publish","hentry"],"acf":[],"yoast_head":"<!-- This site is optimized with the Yoast SEO plugin v24.7 - https:\/\/yoast.com\/wordpress\/plugins\/seo\/ -->\n<title>DLBA | Cabinet d\u2019avocats - droit des affaires, immobilier, construction et urbanisme<\/title>\n<meta name=\"description\" content=\"Le cabinet DLBA accompagne ses clients en droit immobilier, construction et urbanisme depuis plus de 50 ans. Conseil et contentieux sur mesure pour d\u00e9fendre vos int\u00e9r\u00eats et garantir la r\u00e9ussite de vos projets.\" \/>\n<meta name=\"robots\" content=\"index, follow, max-snippet:-1, max-image-preview:large, max-video-preview:-1\" \/>\n<link rel=\"canonical\" href=\"https:\/\/dlba-avocats.com\/en\/home\/\" \/>\n<meta property=\"og:locale\" content=\"en_US\" \/>\n<meta property=\"og:type\" content=\"article\" \/>\n<meta property=\"og:title\" content=\"DLBA | Cabinet d\u2019avocats - droit des affaires, immobilier, construction et urbanisme\" \/>\n<meta property=\"og:description\" content=\"Le cabinet DLBA accompagne ses clients en droit immobilier, construction et urbanisme depuis plus de 50 ans. Conseil et contentieux sur mesure pour d\u00e9fendre vos int\u00e9r\u00eats et garantir la r\u00e9ussite de vos projets.\" \/>\n<meta property=\"og:url\" content=\"https:\/\/dlba-avocats.com\/en\/home\/\" \/>\n<meta property=\"og:site_name\" content=\"DLBA\" \/>\n<meta property=\"article:modified_time\" content=\"2025-12-12T13:54:10+00:00\" \/>\n<meta name=\"twitter:card\" content=\"summary_large_image\" \/>\n<script type=\"application\/ld+json\" class=\"yoast-schema-graph\">{\"@context\":\"https:\/\/schema.org\",\"@graph\":[{\"@type\":\"WebPage\",\"@id\":\"https:\/\/dlba-avocats.com\/en\/home\/\",\"url\":\"https:\/\/dlba-avocats.com\/en\/home\/\",\"name\":\"DLBA | Cabinet d\u2019avocats - droit des affaires, immobilier, construction et urbanisme\",\"isPartOf\":{\"@id\":\"https:\/\/dlba-avocats.com\/#website\"},\"datePublished\":\"2025-02-17T13:40:30+00:00\",\"dateModified\":\"2025-12-12T13:54:10+00:00\",\"description\":\"Le cabinet DLBA accompagne ses clients en droit immobilier, construction et urbanisme depuis plus de 50 ans. Conseil et contentieux sur mesure pour d\u00e9fendre vos int\u00e9r\u00eats et garantir la r\u00e9ussite de vos projets.\",\"breadcrumb\":{\"@id\":\"https:\/\/dlba-avocats.com\/en\/home\/#breadcrumb\"},\"inLanguage\":\"en-US\",\"potentialAction\":[{\"@type\":\"ReadAction\",\"target\":[\"https:\/\/dlba-avocats.com\/en\/home\/\"]}]},{\"@type\":\"BreadcrumbList\",\"@id\":\"https:\/\/dlba-avocats.com\/en\/home\/#breadcrumb\",\"itemListElement\":[{\"@type\":\"ListItem\",\"position\":1,\"name\":\"Accueil\",\"item\":\"https:\/\/dlba-avocats.com\/en\/home\/\"},{\"@type\":\"ListItem\",\"position\":2,\"name\":\"Home\"}]},{\"@type\":\"WebSite\",\"@id\":\"https:\/\/dlba-avocats.com\/#website\",\"url\":\"https:\/\/dlba-avocats.com\/\",\"name\":\"DLBA\",\"description\":\"\",\"potentialAction\":[{\"@type\":\"SearchAction\",\"target\":{\"@type\":\"EntryPoint\",\"urlTemplate\":\"https:\/\/dlba-avocats.com\/?s={search_term_string}\"},\"query-input\":{\"@type\":\"PropertyValueSpecification\",\"valueRequired\":true,\"valueName\":\"search_term_string\"}}],\"inLanguage\":\"en-US\"}]}<\/script>\n<!-- \/ Yoast SEO plugin. -->","yoast_head_json":{"title":"DLBA | Cabinet d\u2019avocats - droit des affaires, immobilier, construction et urbanisme","description":"Le cabinet DLBA accompagne ses clients en droit immobilier, construction et urbanisme depuis plus de 50 ans. Conseil et contentieux sur mesure pour d\u00e9fendre vos int\u00e9r\u00eats et garantir la r\u00e9ussite de vos projets.","robots":{"index":"index","follow":"follow","max-snippet":"max-snippet:-1","max-image-preview":"max-image-preview:large","max-video-preview":"max-video-preview:-1"},"canonical":"https:\/\/dlba-avocats.com\/en\/home\/","og_locale":"en_US","og_type":"article","og_title":"DLBA | Cabinet d\u2019avocats - droit des affaires, immobilier, construction et urbanisme","og_description":"Le cabinet DLBA accompagne ses clients en droit immobilier, construction et urbanisme depuis plus de 50 ans. Conseil et contentieux sur mesure pour d\u00e9fendre vos int\u00e9r\u00eats et garantir la r\u00e9ussite de vos projets.","og_url":"https:\/\/dlba-avocats.com\/en\/home\/","og_site_name":"DLBA","article_modified_time":"2025-12-12T13:54:10+00:00","twitter_card":"summary_large_image","schema":{"@context":"https:\/\/schema.org","@graph":[{"@type":"WebPage","@id":"https:\/\/dlba-avocats.com\/en\/home\/","url":"https:\/\/dlba-avocats.com\/en\/home\/","name":"DLBA | Cabinet d\u2019avocats - droit des affaires, immobilier, construction et urbanisme","isPartOf":{"@id":"https:\/\/dlba-avocats.com\/#website"},"datePublished":"2025-02-17T13:40:30+00:00","dateModified":"2025-12-12T13:54:10+00:00","description":"Le cabinet DLBA accompagne ses clients en droit immobilier, construction et urbanisme depuis plus de 50 ans. Conseil et contentieux sur mesure pour d\u00e9fendre vos int\u00e9r\u00eats et garantir la r\u00e9ussite de vos projets.","breadcrumb":{"@id":"https:\/\/dlba-avocats.com\/en\/home\/#breadcrumb"},"inLanguage":"en-US","potentialAction":[{"@type":"ReadAction","target":["https:\/\/dlba-avocats.com\/en\/home\/"]}]},{"@type":"BreadcrumbList","@id":"https:\/\/dlba-avocats.com\/en\/home\/#breadcrumb","itemListElement":[{"@type":"ListItem","position":1,"name":"Accueil","item":"https:\/\/dlba-avocats.com\/en\/home\/"},{"@type":"ListItem","position":2,"name":"Home"}]},{"@type":"WebSite","@id":"https:\/\/dlba-avocats.com\/#website","url":"https:\/\/dlba-avocats.com\/","name":"DLBA","description":"","potentialAction":[{"@type":"SearchAction","target":{"@type":"EntryPoint","urlTemplate":"https:\/\/dlba-avocats.com\/?s={search_term_string}"},"query-input":{"@type":"PropertyValueSpecification","valueRequired":true,"valueName":"search_term_string"}}],"inLanguage":"en-US"}]}},"_links":{"self":[{"href":"https:\/\/dlba-avocats.com\/en\/wp-json\/wp\/v2\/pages\/968","targetHints":{"allow":["GET"]}}],"collection":[{"href":"https:\/\/dlba-avocats.com\/en\/wp-json\/wp\/v2\/pages"}],"about":[{"href":"https:\/\/dlba-avocats.com\/en\/wp-json\/wp\/v2\/types\/page"}],"author":[{"embeddable":true,"href":"https:\/\/dlba-avocats.com\/en\/wp-json\/wp\/v2\/users\/1"}],"replies":[{"embeddable":true,"href":"https:\/\/dlba-avocats.com\/en\/wp-json\/wp\/v2\/comments?post=968"}],"version-history":[{"count":3,"href":"https:\/\/dlba-avocats.com\/en\/wp-json\/wp\/v2\/pages\/968\/revisions"}],"predecessor-version":[{"id":1106,"href":"https:\/\/dlba-avocats.com\/en\/wp-json\/wp\/v2\/pages\/968\/revisions\/1106"}],"wp:attachment":[{"href":"https:\/\/dlba-avocats.com\/en\/wp-json\/wp\/v2\/media?parent=968"}],"curies":[{"name":"wp","href":"https:\/\/api.w.org\/{rel}","templated":true}]}}